{"id":3732,"date":"2023-04-10T10:21:39","date_gmt":"2023-04-10T10:21:39","guid":{"rendered":"https:\/\/www.refly.org\/cookies\/"},"modified":"2023-10-25T13:37:34","modified_gmt":"2023-10-25T13:37:34","slug":"cookies","status":"publish","type":"page","link":"https:\/\/form.refly.org\/fr\/cookies\/","title":{"rendered":"Cookies"},"content":{"rendered":"\t\t<div data-elementor-type=\"wp-page\" data-elementor-id=\"3732\" class=\"elementor elementor-3732 elementor-971\">\n\t\t\t\t\t\t\t\t\t<section class=\"elementor-section elementor-top-section elementor-element elementor-element-c1ffb91 elementor-section-boxed elementor-section-height-default elementor-section-height-default\" data-id=\"c1ffb91\" data-element_type=\"section\">\n\t\t\t\t\t\t<div class=\"elementor-container elementor-column-gap-default\">\n\t\t\t\t\t<div class=\"elementor-column elementor-col-100 elementor-top-column elementor-element elementor-element-7b2925c\" data-id=\"7b2925c\" data-element_type=\"column\">\n\t\t\t<div class=\"elementor-widget-wrap elementor-element-populated\">\n\t\t\t\t\t\t\t\t<div class=\"elementor-element elementor-element-fed1f96 elementor-widget elementor-widget-spacer\" data-id=\"fed1f96\" data-element_type=\"widget\" data-widget_type=\"spacer.default\">\n\t\t\t\t<div class=\"elementor-widget-container\">\n\t\t\t<style>\/*! elementor - v3.16.0 - 17-10-2023 *\/\n.elementor-column .elementor-spacer-inner{height:var(--spacer-size)}.e-con{--container-widget-width:100%}.e-con-inner>.elementor-widget-spacer,.e-con>.elementor-widget-spacer{width:var(--container-widget-width,var(--spacer-size));--align-self:var(--container-widget-align-self,initial);--flex-shrink:0}.e-con-inner>.elementor-widget-spacer>.elementor-widget-container,.e-con>.elementor-widget-spacer>.elementor-widget-container{height:100%;width:100%}.e-con-inner>.elementor-widget-spacer>.elementor-widget-container>.elementor-spacer,.e-con>.elementor-widget-spacer>.elementor-widget-container>.elementor-spacer{height:100%}.e-con-inner>.elementor-widget-spacer>.elementor-widget-container>.elementor-spacer>.elementor-spacer-inner,.e-con>.elementor-widget-spacer>.elementor-widget-container>.elementor-spacer>.elementor-spacer-inner{height:var(--container-widget-height,var(--spacer-size))}.e-con-inner>.elementor-widget-spacer.elementor-widget-empty,.e-con>.elementor-widget-spacer.elementor-widget-empty{position:relative;min-height:22px;min-width:22px}.e-con-inner>.elementor-widget-spacer.elementor-widget-empty .elementor-widget-empty-icon,.e-con>.elementor-widget-spacer.elementor-widget-empty .elementor-widget-empty-icon{position:absolute;top:0;bottom:0;left:0;right:0;margin:auto;padding:0;width:22px;height:22px}<\/style>\t\t<div class=\"elementor-spacer\">\n\t\t\t<div class=\"elementor-spacer-inner\"><\/div>\n\t\t<\/div>\n\t\t\t\t<\/div>\n\t\t\t\t<\/div>\n\t\t\t\t\t<\/div>\n\t\t<\/div>\n\t\t\t\t\t\t\t<\/div>\n\t\t<\/section>\n\t\t\t\t<section class=\"elementor-section elementor-top-section elementor-element elementor-element-0deb581 elementor-section-boxed elementor-section-height-default elementor-section-height-default\" data-id=\"0deb581\" data-element_type=\"section\">\n\t\t\t\t\t\t<div class=\"elementor-container elementor-column-gap-default\">\n\t\t\t\t\t<div class=\"elementor-column elementor-col-100 elementor-top-column elementor-element elementor-element-84e2f8f\" data-id=\"84e2f8f\" data-element_type=\"column\">\n\t\t\t<div class=\"elementor-widget-wrap elementor-element-populated\">\n\t\t\t\t\t\t\t\t<div class=\"elementor-element elementor-element-34d6dba elementor-widget elementor-widget-heading\" data-id=\"34d6dba\" data-element_type=\"widget\" data-widget_type=\"heading.default\">\n\t\t\t\t<div class=\"elementor-widget-container\">\n\t\t\t<style>\/*! elementor - v3.16.0 - 17-10-2023 *\/\n.elementor-heading-title{padding:0;margin:0;line-height:1}.elementor-widget-heading .elementor-heading-title[class*=elementor-size-]>a{color:inherit;font-size:inherit;line-height:inherit}.elementor-widget-heading .elementor-heading-title.elementor-size-small{font-size:15px}.elementor-widget-heading .elementor-heading-title.elementor-size-medium{font-size:19px}.elementor-widget-heading .elementor-heading-title.elementor-size-large{font-size:29px}.elementor-widget-heading .elementor-heading-title.elementor-size-xl{font-size:39px}.elementor-widget-heading .elementor-heading-title.elementor-size-xxl{font-size:59px}<\/style><h1 class=\"elementor-heading-title elementor-size-default\">Politique de Refly en mati\u00e8re de cookies<\/h1>\t\t<\/div>\n\t\t\t\t<\/div>\n\t\t\t\t\t<\/div>\n\t\t<\/div>\n\t\t\t\t\t\t\t<\/div>\n\t\t<\/section>\n\t\t\t\t<section class=\"elementor-section elementor-top-section elementor-element elementor-element-b9ad7dc elementor-section-boxed elementor-section-height-default elementor-section-height-default\" data-id=\"b9ad7dc\" data-element_type=\"section\">\n\t\t\t\t\t\t<div class=\"elementor-container elementor-column-gap-default\">\n\t\t\t\t\t<div class=\"elementor-column elementor-col-100 elementor-top-column elementor-element elementor-element-97dd14a\" data-id=\"97dd14a\" data-element_type=\"column\">\n\t\t\t<div class=\"elementor-widget-wrap elementor-element-populated\">\n\t\t\t\t\t\t\t\t<div class=\"elementor-element elementor-element-e0f0776 elementor-widget elementor-widget-text-editor\" data-id=\"e0f0776\" data-element_type=\"widget\" data-widget_type=\"text-editor.default\">\n\t\t\t\t<div class=\"elementor-widget-container\">\n\t\t\t<style>\/*! elementor - v3.16.0 - 17-10-2023 *\/\n.elementor-widget-text-editor.elementor-drop-cap-view-stacked .elementor-drop-cap{background-color:#69727d;color:#fff}.elementor-widget-text-editor.elementor-drop-cap-view-framed .elementor-drop-cap{color:#69727d;border:3px solid;background-color:transparent}.elementor-widget-text-editor:not(.elementor-drop-cap-view-default) .elementor-drop-cap{margin-top:8px}.elementor-widget-text-editor:not(.elementor-drop-cap-view-default) .elementor-drop-cap-letter{width:1em;height:1em}.elementor-widget-text-editor .elementor-drop-cap{float:left;text-align:center;line-height:1;font-size:50px}.elementor-widget-text-editor .elementor-drop-cap-letter{display:inline-block}<\/style>\t\t\t\t<p>Derni\u00e8re mise \u00e0 jour : 1er octobre 2023<\/p>\n<p>Bienvenue sur le site de ReFly (ci-apr\u00e8s \u00ab\u00a0nous\u00a0\u00bb ou \u00ab\u00a0notre\u00a0\u00bb). Cette page fournit des informations essentielles sur la mani\u00e8re dont nous utilisons les cookies sur notre site web, <a href=\"https:\/\/www.refly.org\/fr\/\" target=\"_new\">https:\/\/www.refly.org<\/a> (ci-apr\u00e8s d\u00e9nomm\u00e9 le \u00ab\u00a0site web\u00a0\u00bb). La pr\u00e9sente politique en mati\u00e8re de cookies est con\u00e7ue pour vous aider \u00e0 comprendre ce que sont les cookies, comment nous les utilisons et comment vous pouvez g\u00e9rer vos pr\u00e9f\u00e9rences en mati\u00e8re de cookies.<\/p>\n<p>En utilisant notre site web, vous consentez \u00e0 l&rsquo;utilisation de cookies telle que d\u00e9crite dans la pr\u00e9sente politique en mati\u00e8re de cookies. Si vous n&rsquo;acceptez pas notre utilisation des cookies, veuillez ajuster les param\u00e8tres de votre navigateur ou cesser d&rsquo;utiliser notre site web.<\/p>\n\t\t\t\t\t\t<\/div>\n\t\t\t\t<\/div>\n\t\t\t\t\t<\/div>\n\t\t<\/div>\n\t\t\t\t\t\t\t<\/div>\n\t\t<\/section>\n\t\t\t\t<section class=\"elementor-section elementor-top-section elementor-element elementor-element-1178ac9 elementor-section-boxed elementor-section-height-default elementor-section-height-default\" data-id=\"1178ac9\" data-element_type=\"section\">\n\t\t\t\t\t\t<div class=\"elementor-container elementor-column-gap-default\">\n\t\t\t\t\t<div class=\"elementor-column elementor-col-100 elementor-top-column elementor-element elementor-element-672a573\" data-id=\"672a573\" data-element_type=\"column\">\n\t\t\t<div class=\"elementor-widget-wrap elementor-element-populated\">\n\t\t\t\t\t\t\t\t<div class=\"elementor-element elementor-element-280d88e elementor-widget elementor-widget-heading\" data-id=\"280d88e\" data-element_type=\"widget\" data-widget_type=\"heading.default\">\n\t\t\t\t<div class=\"elementor-widget-container\">\n\t\t\t<h2 class=\"elementor-heading-title elementor-size-default\">1. Qu'est-ce qu'un cookie ?<\/h2>\t\t<\/div>\n\t\t\t\t<\/div>\n\t\t\t\t<div class=\"elementor-element elementor-element-85e13de elementor-widget elementor-widget-text-editor\" data-id=\"85e13de\" data-element_type=\"widget\" data-widget_type=\"text-editor.default\">\n\t\t\t\t<div class=\"elementor-widget-container\">\n\t\t\t\t\t\t\t<p>Les cookies sont de petits fichiers texte envoy\u00e9s par un serveur web \u00e0 votre navigateur web et stock\u00e9s sur votre appareil. Ils contiennent un identifiant qui est renvoy\u00e9 au serveur chaque fois que votre navigateur demande une page au serveur. Ces identifiants permettent aux sites web de reconna\u00eetre votre navigateur et de se souvenir de vos pr\u00e9f\u00e9rences et de vos actions.<\/p>\n\t\t\t\t\t\t<\/div>\n\t\t\t\t<\/div>\n\t\t\t\t\t<\/div>\n\t\t<\/div>\n\t\t\t\t\t\t\t<\/div>\n\t\t<\/section>\n\t\t\t\t<section class=\"elementor-section elementor-top-section elementor-element elementor-element-978c5d6 elementor-section-boxed elementor-section-height-default elementor-section-height-default\" data-id=\"978c5d6\" data-element_type=\"section\">\n\t\t\t\t\t\t<div class=\"elementor-container elementor-column-gap-default\">\n\t\t\t\t\t<div class=\"elementor-column elementor-col-100 elementor-top-column elementor-element elementor-element-b47df93\" data-id=\"b47df93\" data-element_type=\"column\">\n\t\t\t<div class=\"elementor-widget-wrap elementor-element-populated\">\n\t\t\t\t\t\t\t\t<div class=\"elementor-element elementor-element-2e2d941 elementor-widget elementor-widget-heading\" data-id=\"2e2d941\" data-element_type=\"widget\" data-widget_type=\"heading.default\">\n\t\t\t\t<div class=\"elementor-widget-container\">\n\t\t\t<h2 class=\"elementor-heading-title elementor-size-default\">2. Comment nous utilisons les cookies\n<\/h2>\t\t<\/div>\n\t\t\t\t<\/div>\n\t\t\t\t<div class=\"elementor-element elementor-element-0713ad3 elementor-widget elementor-widget-text-editor\" data-id=\"0713ad3\" data-element_type=\"widget\" data-widget_type=\"text-editor.default\">\n\t\t\t\t<div class=\"elementor-widget-container\">\n\t\t\t\t\t\t\t<p>Nous utilisons des cookies \u00e0 diverses fins, notamment<\/p>\n<ul>\n<li>\n<p><strong>Cookies essentiels<\/strong>: Ils sont n\u00e9cessaires au bon fonctionnement du site web, comme le maintien de la s\u00e9curit\u00e9 de votre compte et la fourniture de services de haute qualit\u00e9.<\/p>\n<\/li>\n<li>\n<p><strong>Cookies fonctionnels<\/strong>: Ils am\u00e9liorent votre exp\u00e9rience d&rsquo;utilisateur en analysant l&rsquo;utilisation du syst\u00e8me et en am\u00e9liorant la fourniture de services.<\/p>\n<\/li>\n<li>\n<p><strong>Cookies publicitaires<\/strong>: Ils nous aident \u00e0 observer le comportement en ligne des utilisateurs et \u00e0 optimiser nos campagnes de marketing.<\/p>\n<\/li>\n<\/ul>\n\t\t\t\t\t\t<\/div>\n\t\t\t\t<\/div>\n\t\t\t\t\t<\/div>\n\t\t<\/div>\n\t\t\t\t\t\t\t<\/div>\n\t\t<\/section>\n\t\t\t\t<section class=\"elementor-section elementor-top-section elementor-element elementor-element-b3a3cf4 elementor-section-boxed elementor-section-height-default elementor-section-height-default\" data-id=\"b3a3cf4\" data-element_type=\"section\">\n\t\t\t\t\t\t<div class=\"elementor-container elementor-column-gap-default\">\n\t\t\t\t\t<div class=\"elementor-column elementor-col-100 elementor-top-column elementor-element elementor-element-1134f8f\" data-id=\"1134f8f\" data-element_type=\"column\">\n\t\t\t<div class=\"elementor-widget-wrap elementor-element-populated\">\n\t\t\t\t\t\t\t\t<div class=\"elementor-element elementor-element-8557804 elementor-widget elementor-widget-heading\" data-id=\"8557804\" data-element_type=\"widget\" data-widget_type=\"heading.default\">\n\t\t\t\t<div class=\"elementor-widget-container\">\n\t\t\t<h2 class=\"elementor-heading-title elementor-size-default\">3. G\u00e9rer vos pr\u00e9f\u00e9rences en mati\u00e8re de cookies\n<\/h2>\t\t<\/div>\n\t\t\t\t<\/div>\n\t\t\t\t<div class=\"elementor-element elementor-element-59a5bb9 elementor-widget elementor-widget-text-editor\" data-id=\"59a5bb9\" data-element_type=\"widget\" data-widget_type=\"text-editor.default\">\n\t\t\t\t<div class=\"elementor-widget-container\">\n\t\t\t\t\t\t\t<p class=\"chakra-text css-guv8xc\">La plupart des navigateurs web proposent des options permettant de refuser ou de supprimer les cookies. Toutefois, n&rsquo;oubliez pas que le blocage de tous les cookies peut affecter la convivialit\u00e9 de nombreux sites web, y compris le n\u00f4tre. Vous trouverez des instructions pour g\u00e9rer les cookies dans votre navigateur sp\u00e9cifique sur leurs sites officiels, tels que Chrome, Firefox, Internet Explorer ou Safari.<\/p>\n\t\t\t\t\t\t<\/div>\n\t\t\t\t<\/div>\n\t\t\t\t\t<\/div>\n\t\t<\/div>\n\t\t\t\t\t\t\t<\/div>\n\t\t<\/section>\n\t\t\t\t<section class=\"elementor-section elementor-top-section elementor-element elementor-element-aafe01c elementor-section-boxed elementor-section-height-default elementor-section-height-default\" data-id=\"aafe01c\" data-element_type=\"section\">\n\t\t\t\t\t\t<div class=\"elementor-container elementor-column-gap-default\">\n\t\t\t\t\t<div class=\"elementor-column elementor-col-100 elementor-top-column elementor-element elementor-element-79eb358\" data-id=\"79eb358\" data-element_type=\"column\">\n\t\t\t<div class=\"elementor-widget-wrap elementor-element-populated\">\n\t\t\t\t\t\t\t\t<div class=\"elementor-element elementor-element-210f79e elementor-widget elementor-widget-heading\" data-id=\"210f79e\" data-element_type=\"widget\" data-widget_type=\"heading.default\">\n\t\t\t\t<div class=\"elementor-widget-container\">\n\t\t\t<h2 class=\"elementor-heading-title elementor-size-default\">4. Sites web de tiers\n<\/h2>\t\t<\/div>\n\t\t\t\t<\/div>\n\t\t\t\t<div class=\"elementor-element elementor-element-9972e78 elementor-widget elementor-widget-text-editor\" data-id=\"9972e78\" data-element_type=\"widget\" data-widget_type=\"text-editor.default\">\n\t\t\t\t<div class=\"elementor-widget-container\">\n\t\t\t\t\t\t\t<p class=\"chakra-text css-guv8xc\">Notre site web peut contenir des liens vers des sites partenaires, des sources d&rsquo;information et des sites web de parties apparent\u00e9es. Veuillez noter que ces sites web externes ont leur propre politique en mati\u00e8re de protection de la vie priv\u00e9e. Nous ne sommes pas responsables de leurs pratiques en mati\u00e8re de protection de la vie priv\u00e9e. Il est conseill\u00e9 de consulter les politiques de confidentialit\u00e9 de ces sites web avant de fournir des donn\u00e9es personnelles.<\/p>\n\t\t\t\t\t\t<\/div>\n\t\t\t\t<\/div>\n\t\t\t\t\t<\/div>\n\t\t<\/div>\n\t\t\t\t\t\t\t<\/div>\n\t\t<\/section>\n\t\t\t\t<section class=\"elementor-section elementor-top-section elementor-element elementor-element-af2b65d elementor-section-boxed elementor-section-height-default elementor-section-height-default\" data-id=\"af2b65d\" data-element_type=\"section\">\n\t\t\t\t\t\t<div class=\"elementor-container elementor-column-gap-default\">\n\t\t\t\t\t<div class=\"elementor-column elementor-col-100 elementor-top-column elementor-element elementor-element-4bd7487\" data-id=\"4bd7487\" data-element_type=\"column\">\n\t\t\t<div class=\"elementor-widget-wrap elementor-element-populated\">\n\t\t\t\t\t\t\t\t<div class=\"elementor-element elementor-element-d0eb306 elementor-widget elementor-widget-heading\" data-id=\"d0eb306\" data-element_type=\"widget\" data-widget_type=\"heading.default\">\n\t\t\t\t<div class=\"elementor-widget-container\">\n\t\t\t<h2 class=\"elementor-heading-title elementor-size-default\">5. Donn\u00e9es personnelles des enfants\n<\/h2>\t\t<\/div>\n\t\t\t\t<\/div>\n\t\t\t\t<div class=\"elementor-element elementor-element-83aca63 elementor-widget elementor-widget-text-editor\" data-id=\"83aca63\" data-element_type=\"widget\" data-widget_type=\"text-editor.default\">\n\t\t\t\t<div class=\"elementor-widget-container\">\n\t\t\t\t\t\t\t<p class=\"chakra-text css-guv8xc\">Notre site web et nos services sont destin\u00e9s aux personnes \u00e2g\u00e9es de plus de 16 ans. Pour les personnes n&rsquo;ayant pas atteint cet \u00e2ge, nous ne traitons les donn\u00e9es personnelles qu&rsquo;avec le consentement d&rsquo;un parent ou d&rsquo;un tuteur l\u00e9gal. Si nous d\u00e9couvrons dans nos bases de donn\u00e9es des donn\u00e9es \u00e0 caract\u00e8re personnel concernant des personnes \u00e2g\u00e9es de moins de 16 ans sans leur consentement, nous supprimerons rapidement ces informations.<\/p>\n<p>La pr\u00e9sente politique en mati\u00e8re de cookies peut \u00eatre mise \u00e0 jour p\u00e9riodiquement. Les modifications seront publi\u00e9es sur notre site web et, dans le cas de modifications importantes, nous pourrons vous en informer par courrier \u00e9lectronique.<\/p>\n<p>Pour toute question ou pr\u00e9occupation concernant notre politique en mati\u00e8re de cookies, veuillez nous contacter \u00e0 l&rsquo;adresse suivante <a href=\"mailto:privacy@refly.org\" target=\"_new\">: privacy@refly.org<\/a>.<\/p>\n<p>Nous appr\u00e9cions la confiance que vous accordez \u00e0 ReFly et nous nous engageons \u00e0 prot\u00e9ger votre vie priv\u00e9e et \u00e0 garantir une exp\u00e9rience utilisateur s\u00fbre et efficace sur notre site Web.<\/p>\n\t\t\t\t\t\t<\/div>\n\t\t\t\t<\/div>\n\t\t\t\t\t<\/div>\n\t\t<\/div>\n\t\t\t\t\t\t\t<\/div>\n\t\t<\/section>\n\t\t\t\t\t\t\t<\/div>\n\t\t","protected":false},"excerpt":{"rendered":"<p>Politique de Refly en mati\u00e8re de cookies Derni\u00e8re mise \u00e0 jour : 1er octobre 2023 [&hellip;]<\/p>\n","protected":false},"author":1,"featured_media":0,"parent":0,"menu_order":0,"comment_status":"closed","ping_status":"closed","template":"","meta":{"om_disable_all_campaigns":false,"_monsterinsights_skip_tracking":false,"_monsterinsights_sitenote_active":false,"_monsterinsights_sitenote_note":"","_monsterinsights_sitenote_category":0,"footnotes":""},"class_list":["post-3732","page","type-page","status-publish","hentry"],"_links":{"self":[{"href":"https:\/\/form.refly.org\/fr\/wp-json\/wp\/v2\/pages\/3732","targetHints":{"allow":["GET"]}}],"collection":[{"href":"https:\/\/form.refly.org\/fr\/wp-json\/wp\/v2\/pages"}],"about":[{"href":"https:\/\/form.refly.org\/fr\/wp-json\/wp\/v2\/types\/page"}],"author":[{"embeddable":true,"href":"https:\/\/form.refly.org\/fr\/wp-json\/wp\/v2\/users\/1"}],"replies":[{"embeddable":true,"href":"https:\/\/form.refly.org\/fr\/wp-json\/wp\/v2\/comments?post=3732"}],"version-history":[{"count":2,"href":"https:\/\/form.refly.org\/fr\/wp-json\/wp\/v2\/pages\/3732\/revisions"}],"predecessor-version":[{"id":3734,"href":"https:\/\/form.refly.org\/fr\/wp-json\/wp\/v2\/pages\/3732\/revisions\/3734"}],"wp:attachment":[{"href":"https:\/\/form.refly.org\/fr\/wp-json\/wp\/v2\/media?parent=3732"}],"curies":[{"name":"wp","href":"https:\/\/api.w.org\/{rel}","templated":true}]}}